{"id":184,"date":"2023-06-08T15:23:43","date_gmt":"2023-06-08T18:23:43","guid":{"rendered":"https:\/\/carawelletur.com.br\/?page_id=184"},"modified":"2023-06-08T16:14:55","modified_gmt":"2023-06-08T19:14:55","slug":"fale-conosco","status":"publish","type":"page","link":"https:\/\/carawelletur.com.br\/index.php\/fale-conosco\/","title":{"rendered":"Fale Conosco"},"content":{"rendered":"\n<p>Fa\u00e7a sua cota\u00e7\u00e3o aqui!<\/p>\n\n\n\n<p>fone : (42)9960-4343<\/p>\n\n\n\n<p>Atendemos Tel\u00eamaco Borba, Ponta Grossa e regi\u00e3o. <\/p>\n\n\n\n<p>Email: carawelletur@gmail.com <\/p>\n","protected":false},"excerpt":{"rendered":"<p>Fa\u00e7a sua cota\u00e7\u00e3o aqui! fone : (42)9960-4343 Atendemos Tel\u00eamaco Borba, Ponta Grossa e regi\u00e3o. Email: carawelletur@gmail.com<\/p>\n","protected":false},"author":1,"featured_media":0,"parent":0,"menu_order":0,"comment_status":"closed","ping_status":"closed","template":"","meta":{"om_disable_all_campaigns":false,"_monsterinsights_skip_tracking":false,"_monsterinsights_sitenote_active":false,"_monsterinsights_sitenote_note":"","_monsterinsights_sitenote_category":0,"_joinchat":[],"footnotes":""},"class_list":["post-184","page","type-page","status-publish","hentry"],"aioseo_notices":[],"_links":{"self":[{"href":"https:\/\/carawelletur.com.br\/index.php\/wp-json\/wp\/v2\/pages\/184","targetHints":{"allow":["GET"]}}],"collection":[{"href":"https:\/\/carawelletur.com.br\/index.php\/wp-json\/wp\/v2\/pages"}],"about":[{"href":"https:\/\/carawelletur.com.br\/index.php\/wp-json\/wp\/v2\/types\/page"}],"author":[{"embeddable":true,"href":"https:\/\/carawelletur.com.br\/index.php\/wp-json\/wp\/v2\/users\/1"}],"replies":[{"embeddable":true,"href":"https:\/\/carawelletur.com.br\/index.php\/wp-json\/wp\/v2\/comments?post=184"}],"version-history":[{"count":3,"href":"https:\/\/carawelletur.com.br\/index.php\/wp-json\/wp\/v2\/pages\/184\/revisions"}],"predecessor-version":[{"id":206,"href":"https:\/\/carawelletur.com.br\/index.php\/wp-json\/wp\/v2\/pages\/184\/revisions\/206"}],"wp:attachment":[{"href":"https:\/\/carawelletur.com.br\/index.php\/wp-json\/wp\/v2\/media?parent=184"}],"curies":[{"name":"wp","href":"https:\/\/api.w.org\/{rel}","templated":true}]}}