{"id":50,"date":"2023-06-07T09:59:16","date_gmt":"2023-06-07T12:59:16","guid":{"rendered":"https:\/\/carawelletur.com.br\/index.php\/hugo-wp\/"},"modified":"2025-11-07T15:15:35","modified_gmt":"2025-11-07T18:15:35","slug":"hugo-wp","status":"publish","type":"page","link":"https:\/\/carawelletur.com.br\/","title":{"rendered":"In\u00edcio"},"content":{"rendered":"<div class=\"style-192 style-local-50-c1 position-relative\" data-colibri-id=\"50-c1\">\n<div id=\"about\" class=\"h-section h-section-global-spacing d-flex align-items-lg-center align-items-md-center align-items-center style-202 style-local-50-c2 position-relative\" data-colibri-component=\"section\" data-colibri-id=\"50-c2\">\n<div class=\"h-section-grid-container h-section-boxed-container\">\n<div class=\"h-row-container gutters-row-lg-2 gutters-row-md-2 gutters-row-2 gutters-row-v-lg-2 gutters-row-v-md-2 gutters-row-v-2 style-203 style-local-50-c3 position-relative\" data-colibri-id=\"50-c3\">\n<div class=\"h-row justify-content-lg-center justify-content-md-center justify-content-center align-items-lg-stretch align-items-md-stretch align-items-stretch gutters-col-lg-2 gutters-col-md-2 gutters-col-2 gutters-col-v-lg-2 gutters-col-v-md-2 gutters-col-v-2\">\n<div class=\"h-column h-column-container d-flex h-col-lg-auto h-col-md-auto h-col-auto style-204-outer style-local-50-c4-outer\">\n<div class=\"d-flex h-flex-basis h-column__inner h-px-lg-2 h-px-md-2 h-px-0 v-inner-lg-2 v-inner-md-2 v-inner-0 style-204 style-local-50-c4 position-relative\" data-colibri-id=\"50-c4\">\n<div class=\"w-100 h-y-container h-column__content h-column__v-align flex-basis-100 align-self-lg-center align-self-md-center align-self-center\">\n<div class=\"h-global-transition-all h-heading style-205 style-local-50-c5 position-relative h-element\" data-colibri-id=\"50-c5\">\n<div class=\"h-heading__outer style-205 style-local-50-c5\">\n<h3 class=\"\">Tenha conforto e disponibilidade para o translado de seus f\u00fancionarios<\/h3>\n<\/div>\n<\/div>\n<div class=\"h-text h-text-component style-206 style-local-50-c6 position-relative h-element\" data-colibri-id=\"50-c6\">\n<div class=\"\">\n\nA Carawelle Turismo uma grande variedade de ve\u00edculos para o translado de seus funcion\u00e1rios cotidianamente.\n\n<\/div>\n<\/div>\n<\/div>\n<\/div>\n<\/div>\n<div class=\"h-column h-column-container d-flex h-col-lg-auto h-col-md-auto h-col-auto style-209-outer style-local-50-c7-outer\">\n<div class=\"d-flex h-flex-basis h-column__inner h-px-lg-2 h-px-md-2 h-px-0 v-inner-lg-2 v-inner-md-2 v-inner-0 style-209 style-local-50-c7 position-relative\" data-colibri-id=\"50-c7\">\n<div class=\"w-100 h-y-container h-column__content h-column__v-align flex-basis-100 align-self-lg-center align-self-md-center align-self-center\">\n<div class=\"d-block style-210 style-local-50-c8 position-relative h-element\" data-colibri-id=\"50-c8\">\n<div class=\"h-image__frame-container-outer\">\n<div class=\"h-image__frame-container\">\n\n<img loading=\"lazy\" decoding=\"async\" width=\"1110\" height=\"487\" class=\"wp-image-88 style-210-image style-local-50-c8-image\" src=\"https:\/\/carawelletur.com.br\/wp-content\/uploads\/2023\/06\/cropped-IMG_20230528_143437-scaled-1.jpg\" alt=\"\" srcset=\"https:\/\/carawelletur.com.br\/wp-content\/uploads\/2023\/06\/cropped-IMG_20230528_143437-scaled-1.jpg 1110w, https:\/\/carawelletur.com.br\/wp-content\/uploads\/2023\/06\/cropped-IMG_20230528_143437-scaled-1-300x132.jpg 300w, https:\/\/carawelletur.com.br\/wp-content\/uploads\/2023\/06\/cropped-IMG_20230528_143437-scaled-1-1024x449.jpg 1024w, https:\/\/carawelletur.com.br\/wp-content\/uploads\/2023\/06\/cropped-IMG_20230528_143437-scaled-1-768x337.jpg 768w, https:\/\/carawelletur.com.br\/wp-content\/uploads\/2023\/06\/cropped-IMG_20230528_143437-scaled-1-600x263.jpg 600w\" sizes=\"auto, (max-width: 1110px) 100vw, 1110px\" \/>\n<div class=\"h-image__frame h-hide-lg h-hide-md h-hide-sm style-210-frameImage style-local-50-c8-frameImage\"><\/div>\n<\/div>\n<\/div>\n<\/div>\n<\/div>\n<\/div>\n<\/div>\n<\/div>\n<\/div>\n<\/div>\n<\/div>\n<div id=\"content\" class=\"h-section h-section-global-spacing d-flex align-items-lg-center align-items-md-center align-items-center style-222 style-local-50-c9 position-relative\" data-colibri-component=\"section\" data-colibri-id=\"50-c9\">\n<div class=\"h-section-grid-container h-section-fluid-container\">\n<div class=\"h-row-container gutters-row-lg-0 gutters-row-md-0 gutters-row-0 gutters-row-v-lg-0 gutters-row-v-md-0 gutters-row-v-0 style-223 style-local-50-c10 position-relative\" data-colibri-id=\"50-c10\">\n<div class=\"h-row justify-content-lg-center justify-content-md-center justify-content-center align-items-lg-stretch align-items-md-stretch align-items-stretch gutters-col-lg-0 gutters-col-md-0 gutters-col-0 gutters-col-v-lg-0 gutters-col-v-md-0 gutters-col-v-0\">\n<div class=\"h-column h-column-container d-flex h-col-lg-auto h-col-md-auto h-col-auto style-224-outer style-local-50-c11-outer\">\n<div class=\"d-flex h-flex-basis h-column__inner h-px-lg-0 h-px-md-0 h-px-0 v-inner-lg-0 v-inner-md-0 v-inner-0 style-224 style-local-50-c11 position-relative\" data-colibri-id=\"50-c11\">\n<div class=\"w-100 h-y-container h-column__content h-column__v-align flex-basis-100 align-self-lg-center align-self-md-center align-self-center\">\n<div class=\"h-global-transition-all h-heading style-225 style-local-50-c12 position-relative h-element\" data-colibri-id=\"50-c12\">\n<div class=\"h-heading__outer style-225 style-local-50-c12\">\n<h6 class=\"\">fretamento<\/h6>\n<\/div>\n<\/div>\n<div class=\"h-global-transition-all h-heading style-226 style-local-50-c13 position-relative h-element\" data-colibri-id=\"50-c13\">\n<div class=\"h-heading__outer style-226 style-local-50-c13\">\n<h3 class=\"\">Escolha a Carawelle Turismo quando alugar algum ve\u00edculo<\/h3>\n<\/div>\n<\/div>\n<div class=\"h-text h-text-component style-227 style-local-50-c14 position-relative h-element\" data-colibri-id=\"50-c14\">\n<div class=\"\">\n\nA Carawelle Turismo tamb\u00e9m atua no setor de fretamento eventual, tendo uma gama de ve\u00edculos capacitados para fazer uma viagem de pequena, m\u00e9dia ou longa dist\u00e2ncia.\n\n<\/div>\n<\/div>\n<\/div>\n<\/div>\n<\/div>\n<div class=\"h-column h-column-container d-flex h-col-lg-auto h-col-md-auto h-col-auto style-228-outer style-local-50-c15-outer\">\n<div class=\"d-flex h-flex-basis h-column__inner h-ui-empty-state-container h-px-lg-0 h-px-md-0 h-px-0 v-inner-lg-0 v-inner-md-0 v-inner-0 style-228 style-local-50-c15 position-relative\" data-colibri-id=\"50-c15\">\n<div class=\"w-100 h-y-container h-column__content h-column__v-align flex-basis-100\"><\/div>\n<\/div>\n<\/div>\n<\/div>\n<\/div>\n<\/div>\n<\/div>\n<div id=\"content-2\" class=\"h-section h-section-global-spacing d-flex align-items-lg-center align-items-md-center align-items-center style-229 style-local-50-c16 position-relative\" data-colibri-component=\"section\" data-colibri-id=\"50-c16\">\n<div class=\"h-section-grid-container h-section-fluid-container\">\n<div class=\"h-row-container gutters-row-lg-0 gutters-row-md-0 gutters-row-0 gutters-row-v-lg-0 gutters-row-v-md-0 gutters-row-v-0 style-230 style-local-50-c17 position-relative\" data-colibri-id=\"50-c17\">\n<div class=\"h-row justify-content-lg-center justify-content-md-center justify-content-center align-items-lg-stretch align-items-md-stretch align-items-stretch gutters-col-lg-0 gutters-col-md-0 gutters-col-0 gutters-col-v-lg-0 gutters-col-v-md-0 gutters-col-v-0\">\n<div class=\"h-column h-column-container d-flex h-col-lg-auto h-col-md-auto h-col-auto style-231-outer style-local-50-c18-outer\">\n<div class=\"d-flex h-flex-basis h-column__inner h-ui-empty-state-container h-px-lg-0 h-px-md-0 h-px-0 v-inner-lg-0 v-inner-md-0 v-inner-0 style-231 style-local-50-c18 position-relative\" data-colibri-id=\"50-c18\">\n<div class=\"w-100 h-y-container h-column__content h-column__v-align flex-basis-100\"><\/div>\n<\/div>\n<\/div>\n<div class=\"h-column h-column-container d-flex h-col-lg-auto h-col-md-auto h-col-auto style-232-outer style-local-50-c19-outer\">\n<div class=\"d-flex h-flex-basis h-column__inner h-px-lg-0 h-px-md-0 h-px-0 v-inner-lg-0 v-inner-md-0 v-inner-0 style-232 style-local-50-c19 position-relative\" data-colibri-id=\"50-c19\">\n<div class=\"w-100 h-y-container h-column__content h-column__v-align flex-basis-100 align-self-lg-center align-self-md-center align-self-center\">\n<div class=\"h-global-transition-all h-heading style-225 style-local-50-c20 position-relative h-element\" data-colibri-id=\"50-c20\">\n<div class=\"h-heading__outer style-225 style-local-50-c20\">\n<h6 class=\"\">turismo<\/h6>\n<\/div>\n<\/div>\n<div class=\"h-global-transition-all h-heading style-233 style-local-50-c21 position-relative h-element\" data-colibri-id=\"50-c21\">\n<div class=\"h-heading__outer style-233 style-local-50-c21\">\n<h3 class=\"\">Fa\u00e7a aquela viagem que voc\u00ea sempre desejou<\/h3>\n<\/div>\n<\/div>\n<div class=\"h-text h-text-component style-227 style-local-50-c22 position-relative h-element\" data-colibri-id=\"50-c22\">\n<div class=\"\">\n\nA Carawelle Turismo vende pacotes de viagens com v\u00e1rios destinos. com ve\u00edculos confortave\u00eds e novos!\n\n<\/div>\n<\/div>\n<\/div>\n<\/div>\n<\/div>\n<\/div>\n<\/div>\n<\/div>\n<\/div>\n<div id=\"contact\" class=\"h-section h-section-global-spacing d-flex align-items-lg-center align-items-md-center align-items-center style-302 style-local-50-c23 position-relative\" data-colibri-component=\"section\" data-colibri-id=\"50-c23\">\n<div class=\"h-section-grid-container h-section-boxed-container\">\n<div class=\"h-row-container gutters-row-lg-2 gutters-row-md-2 gutters-row-2 gutters-row-v-lg-2 gutters-row-v-md-2 gutters-row-v-2 style-303 style-local-50-c24 position-relative\" data-colibri-id=\"50-c24\">\n<div class=\"h-row justify-content-lg-center justify-content-md-center justify-content-center align-items-lg-stretch align-items-md-stretch align-items-stretch gutters-col-lg-2 gutters-col-md-2 gutters-col-2 gutters-col-v-lg-2 gutters-col-v-md-2 gutters-col-v-2\">\n<div class=\"h-column h-column-container d-flex h-col-lg-auto h-col-md-auto h-col-auto style-304-outer style-local-50-c25-outer\">\n<div class=\"d-flex h-flex-basis h-column__inner h-px-lg-2 h-px-md-2 h-px-0 v-inner-lg-2 v-inner-md-2 v-inner-0 style-304 style-local-50-c25 position-relative\" data-colibri-id=\"50-c25\">\n<div class=\"w-100 h-y-container h-column__content h-column__v-align flex-basis-100 align-self-lg-start align-self-md-start align-self-start\">\n<div class=\"h-global-transition-all h-heading style-305 style-local-50-c26 position-relative h-element\" data-colibri-id=\"50-c26\">\n<div class=\"h-heading__outer style-305 style-local-50-c26\">\n<h3 class=\"\">Entre em contato<\/h3>\n<\/div>\n<\/div>\n<div class=\"h-row-container gutters-row-lg-2 gutters-row-md-2 gutters-row-0 gutters-row-v-lg-3 gutters-row-v-md-3 gutters-row-v-3 style-307 style-local-50-c27 position-relative\" data-colibri-id=\"50-c27\">\n<div class=\"h-row justify-content-lg-center justify-content-md-center justify-content-center align-items-lg-stretch align-items-md-stretch align-items-stretch gutters-col-lg-2 gutters-col-md-2 gutters-col-0 gutters-col-v-lg-3 gutters-col-v-md-3 gutters-col-v-3\">\n<div class=\"h-column h-column-container d-flex h-col-lg-6 h-col-md-12 h-col-12 style-308-outer style-local-50-c28-outer\">\n<div class=\"d-flex h-flex-basis h-column__inner h-px-lg-0 h-px-md-0 h-px-0 v-inner-lg-0 v-inner-md-0 v-inner-0 style-308 style-local-50-c28 position-relative\" data-colibri-id=\"50-c28\">\n<div class=\"w-100 h-y-container h-column__content h-column__v-align flex-basis-100 align-self-lg-start align-self-md-start align-self-start\">\n<div class=\"h-text h-text-component style-306 style-local-50-c29 position-relative h-element\" data-colibri-id=\"50-c29\">\n<div class=\"\">\n\nEntre em contato e fa\u00e7a um or\u00e7amento com a nossa empresa\n\nAtendemos Tel\u00eamaco Borba-PR, Ponta Grossa-PR, Inoc\u00eancia-MS, Parana\u00edba-MS, Tr\u00eas Lagoas-MS.\n\n<\/div>\n<\/div>\n<\/div>\n<\/div>\n<div class=\"d-flex h-flex-basis h-column__inner h-px-lg-0 h-px-md-0 h-px-0 v-inner-lg-0 v-inner-md-0 v-inner-0 style-308 style-local-50-c28 position-relative\" data-colibri-id=\"50-c28\">\n<div class=\"w-100 h-y-container h-column__content h-column__v-align flex-basis-100 align-self-lg-start align-self-md-start align-self-start\">\n<div class=\"h-global-transition-all h-heading style-309 style-local-50-c30 position-relative h-element\" data-colibri-id=\"50-c30\">\n<div class=\"h-heading__outer style-309 style-local-50-c30\">\n<h4 class=\"\">E-mail<\/h4>\n<\/div>\n<\/div>\n<div class=\"h-x-container style-310 style-local-50-c31 position-relative h-element\" data-colibri-id=\"50-c31\">\n<div class=\"h-x-container-inner style-dynamic-50-c31-group style-310-spacing style-local-50-c31-spacing\"><span class=\"h-link__outer style-311-outer style-local-50-c32-outer d-inline-flex h-element\"><a class=\"d-flex w-100 align-items-center h-link style-311 style-local-50-c32 position-relative\" href=\"mailto:carawelletur@gmail.com\" data-colibri-id=\"50-c32\"> carawelletur@gmail.com<\/a>\n<\/span><\/div>\n<\/div>\n<\/div>\n<\/div>\n<\/div>\n<\/div>\n<\/div>\n<div><\/div>\n<div class=\"h-row-container gutters-row-lg-2 gutters-row-md-2 gutters-row-0 gutters-row-v-lg-3 gutters-row-v-md-3 gutters-row-v-3 style-307 style-local-50-c27 position-relative\" data-colibri-id=\"50-c27\">\n<div class=\"h-row justify-content-lg-center justify-content-md-center justify-content-center align-items-lg-stretch align-items-md-stretch align-items-stretch gutters-col-lg-2 gutters-col-md-2 gutters-col-0 gutters-col-v-lg-3 gutters-col-v-md-3 gutters-col-v-3\">\n<div class=\"h-column h-column-container d-flex h-col-lg-6 h-col-md-12 h-col-12 style-308-outer style-local-50-c33-outer\">\n<div class=\"d-flex h-flex-basis h-column__inner h-px-lg-0 h-px-md-0 h-px-0 v-inner-lg-0 v-inner-md-0 v-inner-0 style-308 style-local-50-c33 position-relative\" data-colibri-id=\"50-c33\">\n<div class=\"w-100 h-y-container h-column__content h-column__v-align flex-basis-100 align-self-lg-start align-self-md-start align-self-start\">\n<div class=\"h-global-transition-all h-heading style-309 style-local-50-c34 position-relative h-element\" data-colibri-id=\"50-c34\">\n<div class=\"h-heading__outer style-309 style-local-50-c34\">\n<h4 class=\"\">Phone<\/h4>\n<\/div>\n<\/div>\n<div class=\"h-x-container style-312 style-local-50-c35 position-relative h-element\" data-colibri-id=\"50-c35\">\n<div class=\"h-x-container-inner style-dynamic-50-c35-group style-312-spacing style-local-50-c35-spacing\"><span class=\"h-link__outer style-313-outer style-local-50-c36-outer d-inline-flex h-element\"><a class=\"d-flex w-100 align-items-center h-link style-313 style-local-50-c36 position-relative\" href=\"tel:+55 (42) 9960 4343\" data-colibri-id=\"50-c36\"> Ligue aqui !<\/a>\n<\/span><\/div>\n<\/div>\n<div><\/div>\n<\/div>\n<\/div>\n<\/div>\n<div class=\"h-column h-column-container d-flex h-col-lg-6 h-col-md-12 h-col-12 style-308-outer style-local-50-c37-outer\">\n<div class=\"d-flex h-flex-basis h-column__inner h-px-lg-0 h-px-md-0 h-px-0 v-inner-lg-0 v-inner-md-0 v-inner-0 style-308 style-local-50-c37 position-relative\" data-colibri-id=\"50-c37\">\n<div class=\"w-100 h-y-container h-column__content h-column__v-align flex-basis-100 align-self-lg-start align-self-md-start align-self-start\">\n<div class=\"h-global-transition-all h-heading style-309 style-local-50-c38 position-relative h-element\" data-colibri-id=\"50-c38\">\n<div class=\"h-heading__outer style-309 style-local-50-c38\">\n<h4 class=\"\">Endere\u00e7o<\/h4>\n<\/div>\n<\/div>\n<div class=\"h-text h-text-component style-314 style-local-50-c39 position-relative h-element\" data-colibri-id=\"50-c39\">\n<div class=\"\">\n\nTravessa Cruz Machado, Vila S\u00e3o Vicente de Paula, Tel\u00eamaco Borba-PR\n\n<\/div>\n<\/div>\n<\/div>\n<\/div>\n<\/div>\n<div class=\"h-column h-column-container d-flex h-col-lg-6 h-col-md-12 h-col-12 style-308-outer style-local-50-c40-outer\">\n<div class=\"d-flex h-flex-basis h-column__inner h-px-lg-0 h-px-md-0 h-px-0 v-inner-lg-0 v-inner-md-0 v-inner-0 style-308 style-local-50-c40 position-relative\" data-colibri-id=\"50-c40\">\n<div class=\"w-100 h-y-container h-column__content h-column__v-align flex-basis-100 align-self-lg-start align-self-md-start align-self-start\">\n<div class=\"h-global-transition-all h-heading style-309 style-local-50-c41 position-relative h-element\" data-colibri-id=\"50-c41\">\n<div class=\"h-heading__outer style-309 style-local-50-c41\">\n<h4 class=\"\">Sigua nos<\/h4>\n<\/div>\n<\/div>\n<\/div>\n<\/div>\n<\/div>\n<\/div>\n<\/div>\n<\/div>\n<\/div>\n<\/div>\n<div class=\"h-column h-column-container d-flex h-col-lg-auto h-col-md-auto h-col-auto style-316-outer style-local-50-c43-outer\">\n<div class=\"d-flex h-flex-basis h-column__inner h-ui-empty-state-container h-px-lg-2 h-px-md-2 h-px-0 v-inner-lg-2 v-inner-md-2 v-inner-2 style-316 style-local-50-c43 position-relative\" data-colibri-id=\"50-c43\">\n<div class=\"w-100 h-y-container h-column__content h-column__v-align flex-basis-100\"><\/div>\n<\/div>\n<\/div>\n<\/div>\n<\/div>\n<\/div>\n<\/div>\n<div id=\"overlappable\" class=\"h-section h-section-global-spacing d-flex align-items-lg-center align-items-md-center align-items-center style-320 style-local-50-c44 position-relative\" data-colibri-component=\"section\" data-colibri-id=\"50-c44\">\n<div class=\"h-section-grid-container h-section-boxed-container\">\n<div class=\"h-row-container gutters-row-lg-2 gutters-row-md-0 gutters-row-2 gutters-row-v-lg-2 gutters-row-v-md-0 gutters-row-v-2 style-321 style-local-50-c45 position-relative\" data-colibri-id=\"50-c45\">\n<div class=\"h-row justify-content-lg-center justify-content-md-center justify-content-center align-items-lg-stretch align-items-md-stretch align-items-stretch gutters-col-lg-2 gutters-col-md-0 gutters-col-2 gutters-col-v-lg-2 gutters-col-v-md-0 gutters-col-v-2\">\n<div class=\"h-column h-column-container d-flex h-col-lg-4 h-col-md-4 h-col-12 style-322-outer style-local-50-c46-outer\">\n<div class=\"d-flex h-flex-basis h-column__inner h-px-lg-2 h-px-md-3 h-px-2 v-inner-lg-0 v-inner-md-3 v-inner-2 style-322 style-local-50-c46 position-relative\" data-colibri-id=\"50-c46\">\n<div class=\"w-100 h-y-container h-column__content h-column__v-align flex-basis-100 align-self-lg-start align-self-md-start align-self-start\">\n<div class=\"h-icon style-323 style-local-50-c47 position-relative h-element\" data-colibri-id=\"50-c47\"><span class=\"h-svg-icon h-icon__icon style-323-icon style-local-50-c47-icon\"><!--Icon by Font Awesome (https:\/\/fontawesome.com)-->\n<\/span><\/div>\n<div class=\"h-global-transition-all h-heading style-324 style-local-50-c48 position-relative h-element\" data-colibri-id=\"50-c48\">\n<div class=\"h-heading__outer style-324 style-local-50-c48\">\n<h5 class=\"\">exc\u00ealencia<\/h5>\n<\/div>\n<\/div>\n<div class=\"h-text h-text-component style-325 style-local-50-c49 position-relative h-element\" data-colibri-id=\"50-c49\">\n<div class=\"\">\n\nA Carawelle Tursimo est\u00e1 a mais 20 anos fornecendo transporte cotidiano para seus cliente\n\n<\/div>\n<\/div>\n<\/div>\n<\/div>\n<\/div>\n<div class=\"h-column h-column-container d-flex h-col-lg-4 h-col-md-4 h-col-12 style-322-outer style-local-50-c50-outer\">\n<div class=\"d-flex h-flex-basis h-column__inner h-px-lg-2 h-px-md-3 h-px-2 v-inner-lg-0 v-inner-md-3 v-inner-2 style-322 style-local-50-c50 position-relative\" data-colibri-id=\"50-c50\">\n<div class=\"w-100 h-y-container h-column__content h-column__v-align flex-basis-100 align-self-lg-start align-self-md-start align-self-start\">\n<div class=\"h-icon style-323 style-local-50-c51 position-relative h-element\" data-colibri-id=\"50-c51\"><span class=\"h-svg-icon h-icon__icon style-323-icon style-local-50-c51-icon\"><!--Icon by Font Awesome (https:\/\/fontawesome.com)-->\n<\/span><\/div>\n<div class=\"h-global-transition-all h-heading style-324 style-local-50-c52 position-relative h-element\" data-colibri-id=\"50-c52\">\n<div class=\"h-heading__outer style-324 style-local-50-c52\">\n<h5 class=\"\">Conforto<\/h5>\n<\/div>\n<\/div>\n<div class=\"h-text h-text-component style-325 style-local-50-c53 position-relative h-element\" data-colibri-id=\"50-c53\">\n<div class=\"\">\n\nA Carawelle Turismo oferece o melhor de conforto para cada tipo de servi\u00e7o(executivo, convencional)\n\n<\/div>\n<\/div>\n<\/div>\n<\/div>\n<\/div>\n<div class=\"h-column h-column-container d-flex h-col-lg-4 h-col-md-4 h-col-12 style-322-outer style-local-50-c54-outer\">\n<div class=\"d-flex h-flex-basis h-column__inner h-px-lg-2 h-px-md-3 h-px-2 v-inner-lg-0 v-inner-md-3 v-inner-2 style-322 style-local-50-c54 position-relative\" data-colibri-id=\"50-c54\">\n<div class=\"w-100 h-y-container h-column__content h-column__v-align flex-basis-100 align-self-lg-start align-self-md-start align-self-start\">\n<div class=\"h-icon style-323 style-local-50-c55 position-relative h-element\" data-colibri-id=\"50-c55\"><span class=\"h-svg-icon h-icon__icon style-323-icon style-local-50-c55-icon\"><!--Icon by Font Awesome (https:\/\/fontawesome.com)-->\n<\/span><\/div>\n<div class=\"h-global-transition-all h-heading style-324 style-local-50-c56 position-relative h-element\" data-colibri-id=\"50-c56\">\n<div class=\"h-heading__outer style-324 style-local-50-c56\">\n<h5 class=\"\">seguran\u00e7a<\/h5>\n<\/div>\n<\/div>\n<div class=\"h-text h-text-component style-325 style-local-50-c57 position-relative h-element\" data-colibri-id=\"50-c57\">\n<div class=\"\">\n\nA Carawelle Turismo possui tanto ve\u00edculos que possuem o que h\u00e1 de mais tecnol\u00f3gico no quesito seguran\u00e7a, quanto motoristas 100% capacitados para o transporte de passageiros 100% seguro\n\n<\/div>\n<\/div>\n<\/div>\n<\/div>\n<\/div>\n<\/div>\n<\/div>\n<\/div>\n<\/div>\n<\/div>","protected":false},"excerpt":{"rendered":"<p>Tenha conforto e disponibilidade para o translado de seus f\u00fancionarios A Carawelle Turismo uma grande variedade de ve\u00edculos para o translado de seus funcion\u00e1rios cotidianamente. fretamento Escolha a Carawelle Turismo quando alugar algum ve\u00edculo A Carawelle Turismo tamb\u00e9m atua no setor de fretamento eventual, tendo uma gama de ve\u00edculos capacitados para fazer uma viagem de [&hellip;]<\/p>\n","protected":false},"author":1,"featured_media":0,"parent":0,"menu_order":0,"comment_status":"closed","ping_status":"closed","template":"page-templates\/homepage.php","meta":{"om_disable_all_campaigns":false,"_monsterinsights_skip_tracking":false,"_monsterinsights_sitenote_active":false,"_monsterinsights_sitenote_note":"","_monsterinsights_sitenote_category":0,"_joinchat":[],"footnotes":""},"class_list":["post-50","page","type-page","status-publish","hentry"],"aioseo_notices":[],"_links":{"self":[{"href":"https:\/\/carawelletur.com.br\/index.php\/wp-json\/wp\/v2\/pages\/50","targetHints":{"allow":["GET"]}}],"collection":[{"href":"https:\/\/carawelletur.com.br\/index.php\/wp-json\/wp\/v2\/pages"}],"about":[{"href":"https:\/\/carawelletur.com.br\/index.php\/wp-json\/wp\/v2\/types\/page"}],"author":[{"embeddable":true,"href":"https:\/\/carawelletur.com.br\/index.php\/wp-json\/wp\/v2\/users\/1"}],"replies":[{"embeddable":true,"href":"https:\/\/carawelletur.com.br\/index.php\/wp-json\/wp\/v2\/comments?post=50"}],"version-history":[{"count":20,"href":"https:\/\/carawelletur.com.br\/index.php\/wp-json\/wp\/v2\/pages\/50\/revisions"}],"predecessor-version":[{"id":483,"href":"https:\/\/carawelletur.com.br\/index.php\/wp-json\/wp\/v2\/pages\/50\/revisions\/483"}],"wp:attachment":[{"href":"https:\/\/carawelletur.com.br\/index.php\/wp-json\/wp\/v2\/media?parent=50"}],"curies":[{"name":"wp","href":"https:\/\/api.w.org\/{rel}","templated":true}]}}